{"id":14,"date":"2020-07-10T11:55:15","date_gmt":"2020-07-10T11:55:15","guid":{"rendered":"https:\/\/reaccionapelclima.dival.es\/?page_id=14"},"modified":"2023-04-19T11:54:09","modified_gmt":"2023-04-19T11:54:09","slug":"introduccio","status":"publish","type":"page","link":"https:\/\/reaccionapelclima.dival.es\/","title":{"rendered":"Introducci\u00f3"},"content":{"rendered":"\n<div style=\"height:20px\" aria-hidden=\"true\" class=\"wp-block-spacer\"><\/div>\n\n\n\n<p style=\"font-size:18px\">L\u2019\u00c0rea de Medi Ambient de la Diputaci\u00f3 de Val\u00e8ncia convoca\u00a0<strong>9 l\u00ednies de subvenci\u00f3,<\/strong> dins de l\u2019estrat\u00e8gia REACCIONA, per a actuacions relacionades amb la gesti\u00f3 forestal i la prevenci\u00f3 d\u2019incendis; la millora del cicle integral de l\u2019aigua; la reducci\u00f3 i la separaci\u00f3 de residus; la mobilitat activa; la gesti\u00f3 i la conservaci\u00f3 dels espais naturals; l\u2019autoconsum energ\u00e8tic; uns entorns escolars m\u00e9s saludables; i l\u2019educaci\u00f3 ambiental.<\/p>\n\n\n\n<div style=\"height:38px\" aria-hidden=\"true\" class=\"wp-block-spacer\"><\/div>\n\n\n\n<div class=\"wp-block-buttons is-horizontal is-content-justification-center is-layout-flex wp-container-1\">\n<div class=\"wp-block-button is-style-outline\"><a class=\"wp-block-button__link has-black-color has-luminous-vivid-amber-background-color has-text-color has-background wp-element-button\" href=\"https:\/\/reaccionapelclima.dival.es\/wp-content\/uploads\/2023\/04\/Reacciona-23-valencia.pdf\" style=\"border-radius:30px\" target=\"_blank\" rel=\"noreferrer noopener\">Convocat\u00f2ria (val)<\/a><\/div>\n\n\n\n<div class=\"wp-block-button is-style-outline\"><a class=\"wp-block-button__link has-black-color has-luminous-vivid-amber-background-color has-text-color has-background wp-element-button\" href=\"https:\/\/reaccionapelclima.dival.es\/wp-content\/uploads\/2023\/04\/Reacciona-23-castellano.pdf\" style=\"border-radius:30px\" target=\"_blank\" rel=\"noreferrer noopener\">Convocatoria (cas)<\/a><\/div>\n<\/div>\n\n\n\n<p><\/p>\n\n\n\n<div style=\"height:20px\" aria-hidden=\"true\" class=\"wp-block-spacer\"><\/div>\n\n\n\n<figure class=\"wp-block-video aligncenter\"><video controls src=\"https:\/\/reaccionapelclima.dival.es\/wp-content\/uploads\/2023\/04\/Reacciona-2023.mp4\"><\/video><\/figure>\n\n\n\n<div style=\"height:31px\" aria-hidden=\"true\" class=\"wp-block-spacer\"><\/div>\n\n\n\n<div style=\"height:27px\" aria-hidden=\"true\" class=\"wp-block-spacer\"><\/div>\n\n\n\n<p class=\"has-text-align-center has-huge-font-size\">PUBLICITAT<\/p>\n\n\n\n<p class=\"has-text-align-center\">(Editar amb LibreOffice)<\/p>\n\n\n\n<div style=\"height:21px\" aria-hidden=\"true\" class=\"wp-block-spacer\"><\/div>\n\n\n\n<div class=\"wp-block-group BloqueCentrado is-layout-flow\"><div class=\"wp-block-group__inner-container\">\n<ul>\n<li><a href=\"https:\/\/reaccionapelclima.dival.es\/wp-content\/uploads\/2022\/11\/editable_baner_projectes_ciclovianants.odp\">Redacci\u00f3 de projectes de vies de ciclovianants<\/a><\/li>\n\n\n\n<li><a href=\"https:\/\/reaccionapelclima.dival.es\/wp-content\/uploads\/2022\/11\/editable_baner_programa_50_50.odp\">Programa 50\/50 en escoles p\u00fabliques<\/a><\/li>\n\n\n\n<li><a href=\"https:\/\/reaccionapelclima.dival.es\/wp-content\/uploads\/2022\/11\/editable_baner_gestio_residus.odp\">Redacci\u00f3 de PLGR\/Implantaci\u00f3 de PLGR<\/a><\/li>\n\n\n\n<li><a href=\"https:\/\/reaccionapelclima.dival.es\/wp-content\/uploads\/2022\/11\/editable_baner_gestio_forestal.odp\">Gesti\u00f3 forestal i prevenci\u00f3 d\u2019incendis<\/a><\/li>\n\n\n\n<li><a href=\"https:\/\/reaccionapelclima.dival.es\/wp-content\/uploads\/2022\/11\/editable_baner_execucio_ciclovianants.odp\">Execuci\u00f3 de vies de ciclovianants<\/a><\/li>\n\n\n\n<li><a href=\"https:\/\/reaccionapelclima.dival.es\/wp-content\/uploads\/2022\/11\/editable_baner_espais_naturals.odp\">Gesti\u00f3 i conservaci\u00f3 d\u2019espais naturals<\/a><\/li>\n\n\n\n<li><a href=\"https:\/\/reaccionapelclima.dival.es\/wp-content\/uploads\/2022\/11\/editable_baner_entorns_escolars.odp\">Entorns escolars lliures de tr\u00e0nsit<\/a><\/li>\n\n\n\n<li><a href=\"https:\/\/reaccionapelclima.dival.es\/wp-content\/uploads\/2022\/11\/editable_baner_cicle_aigua.odp\">Millora del cicle integral de l\u2019aigua<\/a><\/li>\n\n\n\n<li><a href=\"https:\/\/reaccionapelclima.dival.es\/wp-content\/uploads\/2022\/11\/editable_baner_autoconsum_energetic.odp\">Autoconsum energ\u00e8tic<\/a><\/li>\n<\/ul>\n<\/div><\/div>\n\n\n<div class=\"wp-block-image\">\n<figure class=\"aligncenter size-large\"><img decoding=\"async\" loading=\"lazy\" width=\"600\" height=\"100\" src=\"https:\/\/reaccionapelclima.dival.es\/wp-content\/uploads\/2020\/07\/logo_mitigacio.png\" alt=\"\" class=\"wp-image-108\" srcset=\"https:\/\/reaccionapelclima.dival.es\/wp-content\/uploads\/2020\/07\/logo_mitigacio.png 600w, https:\/\/reaccionapelclima.dival.es\/wp-content\/uploads\/2020\/07\/logo_mitigacio-300x50.png 300w\" sizes=\"(max-width: 600px) 100vw, 600px\" \/><\/figure><\/div>\n\n\n<div style=\"height:39px\" aria-hidden=\"true\" class=\"wp-block-spacer\"><\/div>\n\n\n\n<div style=\"height:20px\" aria-hidden=\"true\" class=\"wp-block-spacer\"><\/div>\n\n\n<div class=\"wp-block-image\">\n<figure class=\"aligncenter size-full is-resized\"><img decoding=\"async\" loading=\"lazy\" src=\"https:\/\/reaccionapelclima.dival.es\/wp-content\/uploads\/2020\/07\/logo_adaptacio.png\" alt=\"Adaptaci\u00f3 al Canvi Clim\u00e0tic\" class=\"wp-image-109\" width=\"586\" height=\"97\" srcset=\"https:\/\/reaccionapelclima.dival.es\/wp-content\/uploads\/2020\/07\/logo_adaptacio.png 600w, https:\/\/reaccionapelclima.dival.es\/wp-content\/uploads\/2020\/07\/logo_adaptacio-300x50.png 300w\" sizes=\"(max-width: 586px) 100vw, 586px\" \/><\/figure><\/div>\n\n\n<div style=\"height:20px\" aria-hidden=\"true\" class=\"wp-block-spacer\"><\/div>\n\n\n\n<div style=\"height:40px\" aria-hidden=\"true\" class=\"wp-block-spacer\"><\/div>\n\n\n<div class=\"wp-block-image\">\n<figure class=\"aligncenter size-large\"><img decoding=\"async\" loading=\"lazy\" width=\"600\" height=\"100\" src=\"https:\/\/reaccionapelclima.dival.es\/wp-content\/uploads\/2020\/07\/logo_educacio.png\" alt=\"Eduaci\u00f3 Clim\u00e0tica\" class=\"wp-image-110\" srcset=\"https:\/\/reaccionapelclima.dival.es\/wp-content\/uploads\/2020\/07\/logo_educacio.png 600w, https:\/\/reaccionapelclima.dival.es\/wp-content\/uploads\/2020\/07\/logo_educacio-300x50.png 300w\" sizes=\"(max-width: 600px) 100vw, 600px\" \/><\/figure><\/div>\n\n\n<p><\/p>\n","protected":false},"excerpt":{"rendered":"<p>PUBLICITAT (Editar amb LibreOffice)<\/p>\n","protected":false},"author":1,"featured_media":0,"parent":0,"menu_order":0,"comment_status":"closed","ping_status":"closed","template":"","meta":[],"_links":{"self":[{"href":"https:\/\/reaccionapelclima.dival.es\/index.php?rest_route=\/wp\/v2\/pages\/14"}],"collection":[{"href":"https:\/\/reaccionapelclima.dival.es\/index.php?rest_route=\/wp\/v2\/pages"}],"about":[{"href":"https:\/\/reaccionapelclima.dival.es\/index.php?rest_route=\/wp\/v2\/types\/page"}],"author":[{"embeddable":true,"href":"https:\/\/reaccionapelclima.dival.es\/index.php?rest_route=\/wp\/v2\/users\/1"}],"replies":[{"embeddable":true,"href":"https:\/\/reaccionapelclima.dival.es\/index.php?rest_route=%2Fwp%2Fv2%2Fcomments&post=14"}],"version-history":[{"count":81,"href":"https:\/\/reaccionapelclima.dival.es\/index.php?rest_route=\/wp\/v2\/pages\/14\/revisions"}],"predecessor-version":[{"id":1457,"href":"https:\/\/reaccionapelclima.dival.es\/index.php?rest_route=\/wp\/v2\/pages\/14\/revisions\/1457"}],"wp:attachment":[{"href":"https:\/\/reaccionapelclima.dival.es\/index.php?rest_route=%2Fwp%2Fv2%2Fmedia&parent=14"}],"curies":[{"name":"wp","href":"https:\/\/api.w.org\/{rel}","templated":true}]}}