{"id":16,"date":"2020-07-10T11:55:15","date_gmt":"2020-07-10T11:55:15","guid":{"rendered":"https:\/\/reaccionapelclima.dival.es\/?page_id=16"},"modified":"2023-05-23T12:49:51","modified_gmt":"2023-05-23T12:49:51","slug":"reacciona","status":"publish","type":"page","link":"https:\/\/reaccionapelclima.dival.es\/?page_id=16","title":{"rendered":"Reacciona"},"content":{"rendered":"\n<div style=\"height:23px\" aria-hidden=\"true\" class=\"wp-block-spacer\"><\/div>\n\n\n\n<p style=\"font-size:18px\">L\u2019\u00c0rea de Medi Ambient de la Diputaci\u00f3 de Val\u00e8ncia convoca\u00a0<strong>9 l\u00ednies de subvenci\u00f3,<\/strong> dins de l\u2019estrat\u00e8gia REACCIONA, per a actuacions relacionades amb la gesti\u00f3 forestal i la prevenci\u00f3 d\u2019incendis; la millora del cicle integral de l\u2019aigua; la reducci\u00f3 i la separaci\u00f3 de residus; la mobilitat activa; la gesti\u00f3 i la conservaci\u00f3 dels espais naturals; l\u2019autoconsum energ\u00e8tic; uns entorns escolars m\u00e9s saludables; i l\u2019educaci\u00f3 ambiental.<\/p>\n\n\n\n<div style=\"height:37px\" aria-hidden=\"true\" class=\"wp-block-spacer\"><\/div>\n\n\n\n<div class=\"wp-block-buttons is-horizontal is-content-justification-center is-layout-flex wp-container-1\">\n<div class=\"wp-block-button is-style-outline\"><a class=\"wp-block-button__link has-black-color has-luminous-vivid-amber-background-color has-text-color has-background wp-element-button\" href=\"https:\/\/reaccionapelclima.dival.es\/wp-content\/uploads\/2023\/04\/Reacciona-23-valencia.pdf\" style=\"border-radius:30px\" target=\"_blank\" rel=\"noreferrer noopener\">Convocat\u00f2ria (val)<\/a><\/div>\n\n\n\n<div class=\"wp-block-button is-style-outline\"><a class=\"wp-block-button__link has-black-color has-luminous-vivid-amber-background-color has-text-color has-background wp-element-button\" href=\"https:\/\/reaccionapelclima.dival.es\/wp-content\/uploads\/2023\/04\/Reacciona-23-castellano.pdf\" style=\"border-radius:30px\" target=\"_blank\" rel=\"noreferrer noopener\">Convocatoria (cas)<\/a><\/div>\n<\/div>\n\n\n\n<p><\/p>\n\n\n\n<div class=\"wp-block-buttons is-horizontal is-content-justification-center is-layout-flex wp-container-2\">\n<div class=\"wp-block-button is-style-outline\"><a class=\"wp-block-button__link has-black-color has-luminous-vivid-amber-background-color has-text-color has-background wp-element-button\" href=\"https:\/\/reaccionapelclima.dival.es\/wp-content\/uploads\/2023\/04\/Reacciona-23-Certificacions-generiques.docx\" style=\"border-radius:30px\" target=\"_blank\" rel=\"noreferrer noopener\">Certificacions gen\u00e8riques<\/a><\/div>\n\n\n\n<div class=\"wp-block-button is-style-outline\"><a class=\"wp-block-button__link has-black-color has-luminous-vivid-amber-background-color has-text-color has-background wp-element-button\" href=\"https:\/\/reaccionapelclima.dival.es\/wp-content\/uploads\/2023\/04\/Reacciona-23-Certificaciones-genericas.docx\" style=\"border-radius:30px\" target=\"_blank\" rel=\"noreferrer noopener\">Certificaciones gen\u00e9ricas<\/a><\/div>\n<\/div>\n\n\n\n<div style=\"height:41px\" aria-hidden=\"true\" class=\"wp-block-spacer\"><\/div>\n\n\n\n<div class=\"wp-block-columns is-layout-flex wp-container-5\">\n<div class=\"wp-block-column is-layout-flow\" style=\"flex-basis:33.34%\">\n<p class=\"has-medium-font-size\">L\u00ednies de subvenci\u00f3<\/p>\n\n\n\n<figure class=\"wp-block-image size-full\"><img decoding=\"async\" loading=\"lazy\" width=\"300\" height=\"599\" src=\"https:\/\/reaccionapelclima.dival.es\/wp-content\/uploads\/2023\/05\/reacciona_lateral_2023.png\" alt=\"\" class=\"wp-image-1538\" srcset=\"https:\/\/reaccionapelclima.dival.es\/wp-content\/uploads\/2023\/05\/reacciona_lateral_2023.png 300w, https:\/\/reaccionapelclima.dival.es\/wp-content\/uploads\/2023\/05\/reacciona_lateral_2023-150x300.png 150w\" sizes=\"(max-width: 300px) 100vw, 300px\" \/><\/figure>\n<\/div>\n\n\n\n<div class=\"wp-block-column is-layout-flow\" style=\"flex-basis:66.66%\">\n<figure class=\"wp-block-image size-large is-resized\"><img decoding=\"async\" loading=\"lazy\" src=\"https:\/\/reaccionapelclima.dival.es\/wp-content\/uploads\/2020\/07\/logo_mitigacio.png\" alt=\"\" class=\"wp-image-108\" width=\"281\" height=\"46\" srcset=\"https:\/\/reaccionapelclima.dival.es\/wp-content\/uploads\/2020\/07\/logo_mitigacio.png 600w, https:\/\/reaccionapelclima.dival.es\/wp-content\/uploads\/2020\/07\/logo_mitigacio-300x50.png 300w\" sizes=\"(max-width: 281px) 100vw, 281px\" \/><\/figure>\n\n\n\n<p><strong><a href=\"https:\/\/reaccionapelclima.dival.es\/?page_id=18\">Subvenci\u00f3 per a l\u2019autoconsum energ\u00e8tic en edificis i equipaments municipals. A municipis, entitats locals d\u2019\u00e0mbit territorial inferior al municipal i mancomunitats.<\/a><\/strong><\/p>\n\n\n\n<p><strong><a href=\"https:\/\/reaccionapelclima.dival.es\/?page_id=835\">Subvenci\u00f3 per a la implantaci\u00f3 de Plans Locals de Gesti\u00f3 de Residus Dom\u00e8stics i Assimilables. A municipis, entitats locals d\u2019\u00e0mbit territorial inferior al municipal i mancomunitats.<\/a><\/strong><\/p>\n\n\n\n<p><strong><a href=\"https:\/\/reaccionapelclima.dival.es\/?page_id=39\">Subvenci\u00f3 per a la redacci\u00f3 de projectes de vies de ciclovianants d\u2019inter\u00e9s natural. A municipis, entitats locals d\u2019\u00e0mbit territorial inferior al municipal, agrupacions de municipis i mancomunitats.<\/a> <\/strong><\/p>\n\n\n\n<p><strong><a href=\"https:\/\/reaccionapelclima.dival.es\/?page_id=855\">Subvenci\u00f3 per a l\u2019execuci\u00f3 de vies de ciclovianants d\u2019inter\u00e9s natural. A municipis, entitats locals d\u2019\u00e0mbit territorial inferior al municipal, agrupacions de municipis i mancomunitats.<\/a><\/strong><\/p>\n\n\n\n<p><strong><a href=\"https:\/\/reaccionapelclima.dival.es\/?page_id=1248\">Subvenci\u00f3 per a entorns escolars lliures de tr\u00e0nsit. A municipis.<\/a><\/strong><\/p>\n\n\n\n<div style=\"height:26px\" aria-hidden=\"true\" class=\"wp-block-spacer\"><\/div>\n\n\n\n<figure class=\"wp-block-image size-large is-resized\"><img decoding=\"async\" loading=\"lazy\" src=\"https:\/\/reaccionapelclima.dival.es\/wp-content\/uploads\/2020\/07\/logo_adaptacio.png\" alt=\"\" class=\"wp-image-109\" width=\"280\" height=\"46\" srcset=\"https:\/\/reaccionapelclima.dival.es\/wp-content\/uploads\/2020\/07\/logo_adaptacio.png 600w, https:\/\/reaccionapelclima.dival.es\/wp-content\/uploads\/2020\/07\/logo_adaptacio-300x50.png 300w\" sizes=\"(max-width: 280px) 100vw, 280px\" \/><\/figure>\n\n\n\n<p><strong><a href=\"https:\/\/reaccionapelclima.dival.es\/?page_id=895\">Subvenci\u00f3 per a la gesti\u00f3 i conservaci\u00f3 d\u2019espais naturals. A municipis.<\/a><\/strong><\/p>\n\n\n\n<p><strong><a href=\"https:\/\/reaccionapelclima.dival.es\/?page_id=42\">Subvenci\u00f3 per a la millora del cicle integral de l\u2019aigua. A municipis, entitats locals d\u2019\u00e0mbit territorial inferior al municipal i mancomunitats.<\/a><\/strong><\/p>\n\n\n\n<p><strong><a href=\"https:\/\/reaccionapelclima.dival.es\/?page_id=931\">Subvenci\u00f3 per a la gesti\u00f3 forestal i la prevenci\u00f3 d\u2019incendis forestals. A municipis. <\/a><\/strong><\/p>\n\n\n\n<div style=\"height:32px\" aria-hidden=\"true\" class=\"wp-block-spacer\"><\/div>\n\n\n\n<figure class=\"wp-block-image size-large is-resized\"><img decoding=\"async\" loading=\"lazy\" src=\"https:\/\/reaccionapelclima.dival.es\/wp-content\/uploads\/2020\/07\/logo_educacio.png\" alt=\"\" class=\"wp-image-110\" width=\"284\" height=\"46\" srcset=\"https:\/\/reaccionapelclima.dival.es\/wp-content\/uploads\/2020\/07\/logo_educacio.png 600w, https:\/\/reaccionapelclima.dival.es\/wp-content\/uploads\/2020\/07\/logo_educacio-300x50.png 300w\" sizes=\"(max-width: 284px) 100vw, 284px\" \/><\/figure>\n\n\n\n<p><strong><a href=\"https:\/\/reaccionapelclima.dival.es\/?page_id=44\">Subvenci\u00f3 per a la implantaci\u00f3 del programa 50\/50 en les escoles p\u00fabliques. A municipis i entitats locals d\u2019\u00e0mbit territorial inferior al municipal.<\/a><\/strong><\/p>\n<\/div>\n<\/div>\n\n\n\n<div style=\"height:66px\" aria-hidden=\"true\" class=\"wp-block-spacer\"><\/div>\n\n\n\n<h2 class=\"wp-block-heading\">Sol\u00b7licituds, terminis i requisits<\/h2>\n\n\n\n<p>El termini de presentaci\u00f3 de sol\u00b7licituds ser\u00e0 de <strong>40<\/strong><strong> dies h\u00e0bils<\/strong>, comptats a partir de l\u2019endem\u00e0 de la publicaci\u00f3 de la present convocat\u00f2ria en el Butllet\u00ed Oficial de la Prov\u00edncia de Val\u00e8ncia (BOP) a trav\u00e9s de la Base de Dades Nacional de Subvencions (BDNS), <strong>excepte en la l\u00ednia 4.9, Implantaci\u00f3 del Programa 50\/50, que ser\u00e0 de 20 dies h\u00e0bils<\/strong>.<\/p>\n\n\n\n<p>La mera presentaci\u00f3 de la sol\u00b7licitud de cada subvenci\u00f3 suposa l\u2019acceptaci\u00f3 de les bases que la regeixen i el comprom\u00eds de l\u2019entitat sol\u00b7licitant de complir amb les obligacions i deures que es desprenen d\u2019aquestes.<\/p>\n\n\n\n<p>Les sol\u00b7licituds es tramitaran exclusivament mitjan\u00e7ant la plataforma telem\u00e0tica \u201cCarpeta Ajuntament\u201d, www.dival.es, vista Ajuntament, havent de completar el formulari i adjuntant la resta de la documentaci\u00f3 exigida en la present convocat\u00f2ria.<\/p>\n\n\n\n<p>No es concediran pr\u00f2rrogues per a la presentaci\u00f3 de sol\u00b7licituds. Les entitats que no tramiten la seua sol\u00b7licitud en termini quedaran fora de la present convocat\u00f2ria.<\/p>\n\n\n\n<p>Cada entitat presentar\u00e0 una \u00fanica sol\u00b7licitud amb les seg\u00fcents certificacions gen\u00e8riques:<\/p>\n\n\n\n<ol type=\"1\">\n<li>Certificat, em\u00e9s per Secretaria, en el qual es far\u00e0 constar l\u2019adopci\u00f3 de l\u2019acord de sol\u00b7licitud de la subvenci\u00f3 per l\u2019\u00f2rgan municipal competent, que inclour\u00e0 l\u2019actuaci\u00f3 o actuacions a realitzar i l\u2019import sol\u00b7licitat per a cadascuna d\u2019elles, aix\u00ed com el comprom\u00eds municipal de complir les obligacions establides per als beneficiaris en la present convocat\u00f2ria i en la normativa general de subvencions (Annex 1).<\/li>\n<\/ol>\n\n\n\n<ol start=\"2\">\n<li>Declaraci\u00f3 responsable de no estar incurs en les prohibicions per a obtindre la condici\u00f3 de beneficiari i d\u2019ajudes concurrents, establides en l\u2019article 13.2 i 3 de la LGS, per a cadascuna de les subvencions sol\u00b7licitades en aquesta convocat\u00f2ria (Annex 2).<\/li>\n<\/ol>\n\n\n\n<ol start=\"3\">\n<li>En el cas de sol\u00b7licituds de subvencions per a b\u00e9ns inventariables, certificat d\u2019inversions reals (Annex 3).<\/li>\n<\/ol>\n\n\n\n<p>Segons l\u2019article 6 apartat 5 de l\u2019OGS de la Diputaci\u00f3 de Val\u00e8ncia, la presentaci\u00f3 de la sol\u00b7licitud de subvenci\u00f3 comportar\u00e0 l\u2019autoritzaci\u00f3 del sol\u00b7licitant perqu\u00e8 l\u2019\u00f2rgan que concedeix la subvenci\u00f3 obtinga directament l\u2019acreditaci\u00f3 de les circumst\u00e0ncies previstes en els articles 18 i 19 del Reglament de la LGS mitjan\u00e7ant certificats telem\u00e0tics. En aquest cas, el sol\u00b7licitant no haur\u00e0 d\u2019aportar una certificaci\u00f3. No obstant aix\u00f2, el sol\u00b7licitant podr\u00e0 denegar expressament el consentiment. En aquest cas, haur\u00e0 d\u2019aportar amb la sol\u00b7licitud les certificacions esmentades.<\/p>\n\n\n\n<p>A m\u00e9s, la presentaci\u00f3 de la sol\u00b7licitud de subvenci\u00f3 per a l\u2019adquisici\u00f3, construcci\u00f3, rehabilitaci\u00f3 i millora de b\u00e9ns inventariables (inversions reals), implicar\u00e0 el comprom\u00eds per part de l\u2019entitat local de mantindre el dest\u00ed d\u2019aquests b\u00e9ns amb el fi concret pel qual es concedisca la subvenci\u00f3 durant els seg\u00fcents per\u00edodes (article 31.4 de la LGS):<\/p>\n\n\n\n<ul>\n<li>En el cas de b\u00e9ns inscriptibles en un registre p\u00fablic, 5 anys.<\/li>\n\n\n\n<li>En el cas de la resta de b\u00e9ns, 2 anys.&nbsp;<\/li>\n<\/ul>\n\n\n\n<p>Tamb\u00e9 es presentaran els certificats i documents espec\u00edfics que cada l\u00ednia de subvenci\u00f3 establisca.<\/p>\n\n\n\n<p>Si la sol\u00b7licitud no reuneix els requisits establits en la convocat\u00f2ria, l\u2019\u00f2rgan instructor requerir\u00e0 a l\u2019interessat perqu\u00e8 l\u2019esmene en el termini m\u00e0xim i improrrogable de 10 dies. Si el sol\u00b7licitant no l\u2019esmena, es considerar\u00e0 que desisteix de la seua sol\u00b7licitud. <\/p>\n\n\n\n<p>El municipi sol\u00b7licitant haur\u00e0 d\u2019obtindre i aportar en el moment que es requerisca totes les autoritzacions i els permisos necessaris per a la realitzaci\u00f3 dels treballs.<\/p>\n\n\n\n<div style=\"height:56px\" aria-hidden=\"true\" class=\"wp-block-spacer\"><\/div>\n\n\n\n<p><\/p>\n\n\n\n<h2 class=\"wp-block-heading\">Publicitat<\/h2>\n\n\n\n<p>El beneficiari haur\u00e0 de complir amb el que es disposa en els articles 3, 7 i concordants de la Llei 1\/2022, de 13 d\u2019abril, de la Generalitat, de Transpar\u00e8ncia i de Bon Govern de la Comunitat Valenciana.<\/p>\n\n\n\n<p>Les entitats benefici\u00e0ries tindran al seu c\u00e0rrec la publicitat de les actuacions, que haur\u00e0 d\u2019incloure cadascun dels seg\u00fcents punts:<\/p>\n\n\n\n<ol type=\"1\">\n<li>Anunci al web municipal i en les xarxes socials municipals sobre les actuacions a executar.<\/li>\n<\/ol>\n\n\n\n<p><p style=\"margin-left:20px\">Aquest anunci haur\u00e0 de romandre al web municipal des de la concessi\u00f3 de la subvenci\u00f3 fins a l\u2019aprovaci\u00f3 de la seua justificaci\u00f3 i repetir-se en les xarxes socials municipals almenys tres vegades, \u00e9s a dir, una a la concessi\u00f3, una altra durant l\u2019execuci\u00f3 dels treballs i una altra a la seua finalitzaci\u00f3, havent d\u2019aportar un m\u00ednim de tres captures de pantalla que ho demostren.<\/p><\/p>\n\n\n\n<p><p style=\"margin-left:20px\">Una vegada concedides les subvencions, l\u2019\u00e0rea de Medi Ambient facilitar\u00e0 a les entitats benefici\u00e0ries un model d\u2019anunci (que es poden descarregar al web https:\/\/reaccionapelclima.dival.es).<\/p><\/p>\n\n\n\n<ol start=\"2\">\n<li>V\u00eddeo, de duraci\u00f3 m\u00e0xima de 2 minuts i en format horitzontal, que explique la finalitat de les actuacions, el pressupost total i l\u2019import subvencionat per l\u2019\u00e0rea de Medi Ambient de la Diputaci\u00f3 de Val\u00e8ncia. En el cas de la realitzaci\u00f3 d\u2019obres, es presentar\u00e0 a m\u00e9s l\u2019estat inicial, les fases d\u2019execuci\u00f3 i l\u2019estat final.<\/li>\n<\/ol>\n\n\n\n<p><p style=\"margin-left:20px\">El v\u00eddeo, que s\u2019entregar\u00e0 junt amb la documentaci\u00f3 justificativa, haur\u00e0 de publicar-se al web municipal, com a m\u00ednim durant 3 mesos, i en el cas d\u2019obres, des de la recepci\u00f3 de l\u2019actuaci\u00f3 fins a la finalitzaci\u00f3 del per\u00edode de garantia. Tamb\u00e9 haur\u00e0 de publicar-se en les xarxes socials. La justificaci\u00f3 de la realitzaci\u00f3 i difusi\u00f3 del v\u00eddeo es realitzar\u00e0 incloent l\u2019enlla\u00e7 en el certificat de Secretaria sobre el compliment dels requisits de publicitat.<\/p><\/p>\n\n\n\n<div style=\"height:57px\" aria-hidden=\"true\" class=\"wp-block-spacer\"><\/div>\n\n\n\n<h2 class=\"wp-block-heading\">Justificaci\u00f3<\/h2>\n\n\n\n<p>La justificaci\u00f3 de la subvenci\u00f3 es far\u00e0 d\u2019acord amb el que s\u2019estableix en els articles 28, 29 i 30 de l\u2019OGS de la Diputaci\u00f3 de Val\u00e8ncia.<\/p>\n\n\n\n<p>Amb car\u00e0cter general per a totes les l\u00ednies de subvenci\u00f3 d\u2019aquesta convocat\u00f2ria, i en aplicaci\u00f3 del que es preveu en l\u2019article 28.2 de l\u2019OGS, s\u2019estableix que la justificaci\u00f3 es realitzar\u00e0 mitjan\u00e7ant la modalitat de compte justificatiu simplificat, at\u00e9s que totes les entitats benefici\u00e0ries d\u2019aquestes ajudes s\u00f3n administracions p\u00fabliques. No obstant aix\u00f2, els justificants de despesa quedaran a la disposici\u00f3 de la Diputaci\u00f3 de Val\u00e8ncia per al seu examen, si ho considerara adient, i podran ser requerits als beneficiaris.<\/p>\n\n\n\n<p>El compte justificatiu simplificat a presentar per a cadascuna de les l\u00ednies de subvenci\u00f3 que s\u2019inclouen en aquesta convocat\u00f2ria contindr\u00e0:<\/p>\n\n\n\n<ul type=\"1\">\n<li>Una mem\u00f2ria d\u2019actuaci\u00f3, subscrita per l\u2019Alcaldia-Presid\u00e8ncia de la corporaci\u00f3, justificativa del compliment de les condicions imposades en la concessi\u00f3 de la subvenci\u00f3, amb indicaci\u00f3 de les activitats realitzades, pressupostos definitius i els resultats obtinguts. Incorporar\u00e0, a m\u00e9s, els documents t\u00e8cnics i\/o jur\u00eddics que en ella se citen, com poden ser:<\/li>\n<\/ul>\n\n\n\n<ol type=\"a\">\n<li>Acta de recepci\u00f3 i conformitat dels treballs executats o dels documents subvencionats, signada pel\/la t\u00e8cnic\/a municipal competent.<\/li>\n\n\n\n<li>En el cas d\u2019execuci\u00f3 d\u2019obres, documentaci\u00f3 final d\u2019obres, que haur\u00e0 d\u2019incloure pl\u00e0nols definitius i certificaci\u00f3 final d\u2019obres realitzades, signats per la direcci\u00f3 facultativa, en la qual conste que les obres i actuacions s\u2019han ajustat al projecte i les seues modificacions, si hagueren existit, i que s\u2019entreguen a l\u2019entitat benefici\u00e0ria en perfecte estat d\u2019acabat i funcionament per a l\u2019objecte per al qual es van dissenyar i van executar.<\/li>\n<\/ol>\n\n\n\n<ul>\n<li>Relaci\u00f3 classificada de les despeses i\/o inversions, amb identificaci\u00f3 del creditor i del document, el seu import, concepte facturat, data d\u2019emissi\u00f3 i, en el seu cas, data de pagament, certificada per l\u2019\u00f2rgan que tinga encomanada la funci\u00f3 interventora de l\u2019entitat que, a m\u00e9s, contindr\u00e0 la indicaci\u00f3 del procediment de contractaci\u00f3 utilitzat en cada cas, i que el mateix compleix amb la normativa reguladora de la contractaci\u00f3 p\u00fablica local (Annex 10).<\/li>\n<\/ul>\n\n\n\n<p>Quan s\u2019hagueren subvencionat actuacions amb un pressupost total superior a l\u2019import concedit, s\u2019haur\u00e0 de justificar la despesa total de l\u2019actuaci\u00f3.<\/p>\n\n\n\n<ul>\n<li>Certificat d\u2019ajudes concurrents, en el qual es fa\u00e7a constar el detall d\u2019altres ingressos o subvencions que hagen finan\u00e7at l\u2019activitat subvencionada en cada cas, amb indicaci\u00f3 de l\u2019import i la seua proced\u00e8ncia (Annex 11).<\/li>\n<\/ul>\n\n\n\n<ul>\n<li>Certificat de Secretaria amb el compliment dels requisits de publicitat exigits en l\u2019apartat gen\u00e8ric 13 de la present convocat\u00f2ria, incloent-hi l\u2019enlla\u00e7 del v\u00eddeo.<\/li>\n<\/ul>\n\n\n\n<ul>\n<li>Certificats d\u2019estar al corrent en obligacions tribut\u00e0ries enfront de l\u2019Ag\u00e8ncia Estatal d\u2019Administraci\u00f3 Tribut\u00e0ria i enfront de la Tresoreria General de la Seguretat Social, en cas d\u2019haver denegat expressament el consentiment perqu\u00e8 la Diputaci\u00f3 obtinga aquesta informaci\u00f3.<\/li>\n<\/ul>\n\n\n\n<p>A l\u2019efecte de considerar completament justificada la subvenci\u00f3 de qu\u00e8 es tracte, es presentaran, a m\u00e9s, els documents espec\u00edfics que cada l\u00ednia de subvenci\u00f3 establisca, si \u00e9s el cas.<\/p>\n\n\n\n<p>Per als sup\u00f2sits previstos en el punt 10 d\u2019aquesta convocat\u00f2ria, relatiu a la subcontractaci\u00f3, quan l\u2019activitat concertada amb tercers excedisca del 20% de l\u2019import de la subvenci\u00f3 i aquest import siga superior a 60.000\u20ac, s\u2019haur\u00e0 d\u2019aportar el certificat de la Secretaria de l\u2019entitat benefici\u00e0ria que acredite el compliment de l\u2019article 29.3 LGS (Annex Subcontractaci\u00f3).<\/p>\n\n\n\n<p><\/p>\n","protected":false},"excerpt":{"rendered":"<p>L\u00ednies de subvenci\u00f3 Subvenci\u00f3 per a l\u2019autoconsum energ\u00e8tic en edificis i equipaments municipals. A municipis, entitats locals d\u2019\u00e0mbit territorial inferior al municipal i mancomunitats. Subvenci\u00f3 per a la implantaci\u00f3 de Plans Locals de Gesti\u00f3 de Residus Dom\u00e8stics i Assimilables. A municipis, entitats locals d\u2019\u00e0mbit territorial inferior al municipal i mancomunitats. Subvenci\u00f3 per a la redacci\u00f3 [&hellip;]<\/p>\n","protected":false},"author":1,"featured_media":0,"parent":0,"menu_order":0,"comment_status":"closed","ping_status":"closed","template":"","meta":[],"_links":{"self":[{"href":"https:\/\/reaccionapelclima.dival.es\/index.php?rest_route=\/wp\/v2\/pages\/16"}],"collection":[{"href":"https:\/\/reaccionapelclima.dival.es\/index.php?rest_route=\/wp\/v2\/pages"}],"about":[{"href":"https:\/\/reaccionapelclima.dival.es\/index.php?rest_route=\/wp\/v2\/types\/page"}],"author":[{"embeddable":true,"href":"https:\/\/reaccionapelclima.dival.es\/index.php?rest_route=\/wp\/v2\/users\/1"}],"replies":[{"embeddable":true,"href":"https:\/\/reaccionapelclima.dival.es\/index.php?rest_route=%2Fwp%2Fv2%2Fcomments&post=16"}],"version-history":[{"count":69,"href":"https:\/\/reaccionapelclima.dival.es\/index.php?rest_route=\/wp\/v2\/pages\/16\/revisions"}],"predecessor-version":[{"id":1539,"href":"https:\/\/reaccionapelclima.dival.es\/index.php?rest_route=\/wp\/v2\/pages\/16\/revisions\/1539"}],"wp:attachment":[{"href":"https:\/\/reaccionapelclima.dival.es\/index.php?rest_route=%2Fwp%2Fv2%2Fmedia&parent=16"}],"curies":[{"name":"wp","href":"https:\/\/api.w.org\/{rel}","templated":true}]}}