{"id":17,"date":"2020-07-10T11:55:15","date_gmt":"2020-07-10T11:55:15","guid":{"rendered":"https:\/\/reaccionapelclima.dival.es\/?page_id=17"},"modified":"2023-05-26T10:30:46","modified_gmt":"2023-05-26T10:30:46","slug":"mitigacio","status":"publish","type":"page","link":"https:\/\/reaccionapelclima.dival.es\/?page_id=17","title":{"rendered":"Mitigaci\u00f3"},"content":{"rendered":"\n<p style=\"font-size:18px\">L\u2019\u00c0rea de Medi Ambient de la Diputaci\u00f3 de Val\u00e8ncia convoca\u00a0<strong>9 l\u00ednies de subvenci\u00f3,<\/strong> dins de l\u2019estrat\u00e8gia REACCIONA, per a actuacions relacionades amb la gesti\u00f3 forestal i la prevenci\u00f3 d\u2019incendis; la millora del cicle integral de l\u2019aigua; la reducci\u00f3 i la separaci\u00f3 de residus; la mobilitat activa; la gesti\u00f3 i la conservaci\u00f3 dels espais naturals; l\u2019autoconsum energ\u00e8tic; uns entorns escolars m\u00e9s saludables; i l\u2019educaci\u00f3 ambiental.<\/p>\n\n\n\n<div style=\"height:26px\" aria-hidden=\"true\" class=\"wp-block-spacer\"><\/div>\n\n\n\n<div style=\"height:39px\" aria-hidden=\"true\" class=\"wp-block-spacer\"><\/div>\n\n\n\n<div class=\"wp-block-buttons is-horizontal is-content-justification-center is-layout-flex wp-container-1\">\n<div class=\"wp-block-button is-style-outline\"><a class=\"wp-block-button__link has-black-color has-luminous-vivid-amber-background-color has-text-color has-background wp-element-button\" href=\"https:\/\/reaccionapelclima.dival.es\/wp-content\/uploads\/2023\/04\/Reacciona-23-valencia.pdf\" style=\"border-radius:30px\" target=\"_blank\" rel=\"noreferrer noopener\">Convocat\u00f2ria (val)<\/a><\/div>\n\n\n\n<div class=\"wp-block-button is-style-outline\"><a class=\"wp-block-button__link has-black-color has-luminous-vivid-amber-background-color has-text-color has-background wp-element-button\" href=\"https:\/\/reaccionapelclima.dival.es\/wp-content\/uploads\/2023\/04\/Reacciona-23-castellano.pdf\" style=\"border-radius:30px\" target=\"_blank\" rel=\"noreferrer noopener\">Convocatoria (cas)<\/a><\/div>\n<\/div>\n\n\n\n<p><\/p>\n\n\n\n<div style=\"height:43px\" aria-hidden=\"true\" class=\"wp-block-spacer\"><\/div>\n\n\n\n<figure class=\"wp-block-image size-large\"><img decoding=\"async\" loading=\"lazy\" width=\"600\" height=\"100\" src=\"https:\/\/reaccionapelclima.dival.es\/wp-content\/uploads\/2020\/07\/logo_mitigacio.png\" alt=\"\" class=\"wp-image-108\" srcset=\"https:\/\/reaccionapelclima.dival.es\/wp-content\/uploads\/2020\/07\/logo_mitigacio.png 600w, https:\/\/reaccionapelclima.dival.es\/wp-content\/uploads\/2020\/07\/logo_mitigacio-300x50.png 300w\" sizes=\"(max-width: 600px) 100vw, 600px\" \/><\/figure>\n\n\n\n<div style=\"height:28px\" aria-hidden=\"true\" class=\"wp-block-spacer\"><\/div>\n\n\n\n<p><a href=\"https:\/\/reaccionapelclima.dival.es\/?page_id=18\"><\/a><strong><strong><strong><a href=\"https:\/\/reaccionapelclima.dival.es\/?page_id=18\" data-type=\"page\" data-id=\"18\">Subvenci\u00f3 per a l\u2019autoconsum energ\u00e8tic en edificis i equipaments municipals. A municipis, entitats locals d\u2019\u00e0mbit territorial inferior al municipal i mancomunitats.<\/a><\/strong><\/strong><\/strong><\/p>\n\n\n\n<p><a href=\"https:\/\/reaccionapelclima.dival.es\/?page_id=835\"><strong>Subvenci\u00f3 per a la implantaci\u00f3 de Plans Locals de Gesti\u00f3 de Residus Dom\u00e8stics i Assimilables. A municipis, entitats locals d\u2019\u00e0mbit territorial inferior al municipal i mancomunitats.<\/strong><\/a><\/p>\n\n\n\n<p><strong><a href=\"https:\/\/reaccionapelclima.dival.es\/?page_id=39\">Subvenci\u00f3 per a la redacci\u00f3 de projectes de vies de ciclovianants d\u2019inter\u00e9s natural. A municipis, entitats locals d\u2019\u00e0mbit territorial inferior al municipal, agrupacions de municipis i mancomunitats.<\/a><\/strong><\/p>\n\n\n\n<p><strong><a href=\"https:\/\/reaccionapelclima.dival.es\/?page_id=855\" data-type=\"page\" data-id=\"855\">Subvenci\u00f3 per a l&#8217;execuci\u00f3 de vies de ciclovianants d\u2019inter\u00e9s natural.<\/a><\/strong><\/p>\n\n\n\n<p><strong><a href=\"https:\/\/reaccionapelclima.dival.es\/?page_id=1248\">Subvenci\u00f3 per a entorns escolars lliures de tr\u00e0nsit. A municipis.<\/a><\/strong><\/p>\n\n\n\n<div style=\"height:42px\" aria-hidden=\"true\" class=\"wp-block-spacer\"><\/div>\n\n\n\n<p><\/p>\n","protected":false},"excerpt":{"rendered":"<p>Subvenci\u00f3 per a l\u2019autoconsum energ\u00e8tic en edificis i equipaments municipals. A municipis, entitats locals d\u2019\u00e0mbit territorial inferior al municipal i mancomunitats. Subvenci\u00f3 per a la implantaci\u00f3 de Plans Locals de Gesti\u00f3 de Residus Dom\u00e8stics i Assimilables. A municipis, entitats locals d\u2019\u00e0mbit territorial inferior al municipal i mancomunitats. Subvenci\u00f3 per a la redacci\u00f3 de projectes de [&hellip;]<\/p>\n","protected":false},"author":1,"featured_media":0,"parent":0,"menu_order":0,"comment_status":"closed","ping_status":"closed","template":"","meta":[],"_links":{"self":[{"href":"https:\/\/reaccionapelclima.dival.es\/index.php?rest_route=\/wp\/v2\/pages\/17"}],"collection":[{"href":"https:\/\/reaccionapelclima.dival.es\/index.php?rest_route=\/wp\/v2\/pages"}],"about":[{"href":"https:\/\/reaccionapelclima.dival.es\/index.php?rest_route=\/wp\/v2\/types\/page"}],"author":[{"embeddable":true,"href":"https:\/\/reaccionapelclima.dival.es\/index.php?rest_route=\/wp\/v2\/users\/1"}],"replies":[{"embeddable":true,"href":"https:\/\/reaccionapelclima.dival.es\/index.php?rest_route=%2Fwp%2Fv2%2Fcomments&post=17"}],"version-history":[{"count":20,"href":"https:\/\/reaccionapelclima.dival.es\/index.php?rest_route=\/wp\/v2\/pages\/17\/revisions"}],"predecessor-version":[{"id":1542,"href":"https:\/\/reaccionapelclima.dival.es\/index.php?rest_route=\/wp\/v2\/pages\/17\/revisions\/1542"}],"wp:attachment":[{"href":"https:\/\/reaccionapelclima.dival.es\/index.php?rest_route=%2Fwp%2Fv2%2Fmedia&parent=17"}],"curies":[{"name":"wp","href":"https:\/\/api.w.org\/{rel}","templated":true}]}}