{"id":38,"date":"2020-07-10T12:09:10","date_gmt":"2020-07-10T12:09:10","guid":{"rendered":"https:\/\/reaccionapelclima.dival.es\/?page_id=38"},"modified":"2022-04-26T11:51:14","modified_gmt":"2022-04-26T11:51:14","slug":"plans-locals-de-gestio-de-residus","status":"publish","type":"page","link":"https:\/\/reaccionapelclima.dival.es\/?page_id=38","title":{"rendered":"Plans Locals de Gesti\u00f3 de Residus"},"content":{"rendered":"\n<div style=\"height:35px\" aria-hidden=\"true\" class=\"wp-block-spacer\"><\/div>\n\n\n\n<p style=\"font-size:18px\">L\u2019\u00c0rea de Medi Ambient de la Diputaci\u00f3 de Val\u00e8ncia convoca\u00a0<strong>9 l\u00ednies de subvenci\u00f3,<\/strong> dins de l\u2019estrat\u00e8gia REACCIONA, per a actuacions relacionades amb la gesti\u00f3 forestal i la prevenci\u00f3 d\u2019incendis; la millora del cicle integral de l\u2019aigua; la reducci\u00f3 i la separaci\u00f3 de residus; la mobilitat activa; la gesti\u00f3 i la conservaci\u00f3 dels espais naturals; l\u2019autoconsum energ\u00e8tic; uns entorns escolars m\u00e9s saludables; i l\u2019educaci\u00f3 ambiental.<\/p>\n\n\n\n<div style=\"height:20px\" aria-hidden=\"true\" class=\"wp-block-spacer\"><\/div>\n\n\n\n<div class=\"wp-block-buttons is-horizontal is-content-justification-center is-layout-flex wp-container-1\">\n<div class=\"wp-block-button is-style-outline\"><a class=\"wp-block-button__link has-black-color has-luminous-vivid-amber-background-color has-text-color has-background wp-element-button\" href=\"https:\/\/reaccionapelclima.dival.es\/wp-content\/uploads\/2023\/04\/Reacciona-23-valencia.pdf\" style=\"border-radius:30px\" target=\"_blank\" rel=\"noreferrer noopener\">Convocat\u00f2ria (val)<\/a><\/div>\n\n\n\n<div class=\"wp-block-button is-style-outline\"><a class=\"wp-block-button__link has-black-color has-luminous-vivid-amber-background-color has-text-color has-background wp-element-button\" href=\"https:\/\/reaccionapelclima.dival.es\/wp-content\/uploads\/2023\/04\/Reacciona-23-castellano.pdf\" style=\"border-radius:30px\" target=\"_blank\" rel=\"noreferrer noopener\">Convocatoria (cas)<\/a><\/div>\n<\/div>\n\n\n\n<p><\/p>\n\n\n\n<div style=\"height:36px\" aria-hidden=\"true\" class=\"wp-block-spacer\"><\/div>\n\n\n\n<figure class=\"wp-block-video aligncenter\"><video controls loop poster=\"https:\/\/reaccionapelclima.dival.es\/wp-content\/uploads\/2021\/05\/portada_video_residus.png\" src=\"https:\/\/reaccionapelclima.dival.es\/wp-content\/uploads\/2021\/05\/reacciona_residus_2021.mp4\" playsinline><\/video><\/figure>\n\n\n\n<div style=\"height:30px\" aria-hidden=\"true\" class=\"wp-block-spacer\"><\/div>\n\n\n\n<div class=\"wp-block-image\"><figure class=\"aligncenter size-large\"><img decoding=\"async\" loading=\"lazy\" width=\"600\" height=\"100\" src=\"https:\/\/reaccionapelclima.dival.es\/wp-content\/uploads\/2020\/07\/logo_mitigacio.png\" alt=\"\" class=\"wp-image-108\" srcset=\"https:\/\/reaccionapelclima.dival.es\/wp-content\/uploads\/2020\/07\/logo_mitigacio.png 600w, https:\/\/reaccionapelclima.dival.es\/wp-content\/uploads\/2020\/07\/logo_mitigacio-300x50.png 300w\" sizes=\"(max-width: 600px) 100vw, 600px\" \/><\/figure><\/div>\n\n\n\n<div style=\"height:24px\" aria-hidden=\"true\" class=\"wp-block-spacer\"><\/div>\n\n\n\n<div class=\"wp-block-buttons is-content-justification-center is-layout-flex\">\n<div class=\"wp-block-button is-style-outline\"><a class=\"wp-block-button__link has-very-dark-gray-color has-luminous-vivid-amber-background-color has-text-color has-background\" href=\"https:\/\/reaccionapelclima.dival.es\/wp-content\/uploads\/2022\/04\/VAL-Subvencio-per-a-la-redaccio-de-Plans-Locals-de-Gestio-de-Residus-Domestics-i-Assimilables.pdf\">Convocat\u00f2ria espec\u00edfica (val)<\/a><\/div>\n\n\n\n<div class=\"wp-block-button is-style-outline\"><a class=\"wp-block-button__link has-very-dark-gray-color has-luminous-vivid-amber-background-color has-text-color has-background\" href=\"https:\/\/reaccionapelclima.dival.es\/wp-content\/uploads\/2022\/04\/VAL-ANNEX-Redaccio-de-PLGRDA.docx\">Annexos (val)<\/a><\/div>\n<\/div>\n\n\n\n<div style=\"height:26px\" aria-hidden=\"true\" class=\"wp-block-spacer\"><\/div>\n\n\n\n<div class=\"wp-block-buttons is-content-justification-center is-layout-flex\">\n<div class=\"wp-block-button is-style-outline\"><a class=\"wp-block-button__link has-very-dark-gray-color has-luminous-vivid-amber-background-color has-text-color has-background\" href=\"https:\/\/reaccionapelclima.dival.es\/wp-content\/uploads\/2022\/04\/CAS-Subvencion-para-la-redaccion-de-Planes-Locales-de-Gestion-de-Residuos-Domesticos-y-Asimilables.pdf\">Convocatoria espec\u00edfica (cas)<\/a><\/div>\n\n\n\n<div class=\"wp-block-button is-style-outline\"><a class=\"wp-block-button__link has-very-dark-gray-color has-luminous-vivid-amber-background-color has-text-color has-background\" href=\"https:\/\/reaccionapelclima.dival.es\/wp-content\/uploads\/2022\/04\/CAS-ANEXO-Redaccion-de-PLGRDA.docx\">Anexos (cas)<\/a><\/div>\n<\/div>\n\n\n\n<div style=\"height:65px\" aria-hidden=\"true\" class=\"wp-block-spacer\"><\/div>\n\n\n\n<h2 class=\"has-huge-font-size wp-block-heading\"><strong>Subvenci\u00f3 per a la redacci\u00f3 de Plans Locals de Gesti\u00f3 de Residus Dom\u00e8stics i Assimilables<\/strong><strong><\/strong><\/h2>\n\n\n\n<div style=\"height:50px\" aria-hidden=\"true\" class=\"wp-block-spacer\"><\/div>\n\n\n\n<p class=\"has-large-font-size\"><strong>Objecte, fi i modalitats de subvenci\u00f3<\/strong><\/p>\n\n\n\n<p>L\u2019objecte de la present convocat\u00f2ria \u00e9s regular la concessi\u00f3 d\u2019ajudes econ\u00f2miques, en r\u00e8gim de concurr\u00e8ncia competitiva fins a esgotar el cr\u00e8dit disponible, per a la <strong>redacci\u00f3 de Plans Locals de Gesti\u00f3 de Residus Dom\u00e8stics i Assimilables (PLGRDA)<\/strong> en l\u2019exercici 2022.<\/p>\n\n\n\n<p>Aquesta subvenci\u00f3 s\u2019articula a aquest efecte de complir l\u2019article 14 del Decret 55\/2019, de 5 d\u2019abril, del Consell, pel qual s\u2019aprova la revisi\u00f3 del Pla Integral de Residus de la Comunitat Valenciana (PIR). Els PLGRDA seran redactats pels municipis beneficiaris\/les mancomunitats benefici\u00e0ries i no podran contravindre la normativa europea, estatal o auton\u00f2mica de residus.<\/p>\n\n\n\n<p>S\u2019estableixen <strong>dues modalitats<\/strong>, que s\u00f3n excloents:<\/p>\n\n\n\n<ol type=\"A\"><li>Redacci\u00f3 de Plans Locals de Gesti\u00f3 de Residus Dom\u00e8stics i Assimilables per a <strong>municipis <\/strong>i <strong>entitats locals d\u2019\u00e0mbit territorial inferior al municipal<\/strong>.<\/li><\/ol>\n\n\n\n<ol type=\"A\" start=\"2\"><li>Redacci\u00f3 de Plans Locals de Gesti\u00f3 de Residus Dom\u00e8stics i Assimilables per a <strong>mancomunitats<\/strong>. L\u2019objecte \u00e9s que les mancomunitats sol\u00b7licitants que tinguen dins de les seues compet\u00e8ncies la gesti\u00f3 de residus, redacten un document constitutiu del PLGRDA que abaste l\u2019\u00e0mbit territorial de la mancomunitat i que haur\u00e0 de ser un \u00fanic document que reculla les particularitats, en mat\u00e8ria de gesti\u00f3 de residus, dels municipis que la conformen, i que integre la totalitat dels PLGRDA elaborats pels municipis de la mancomunitat.<\/li><\/ol>\n\n\n\n<div style=\"height:50px\" aria-hidden=\"true\" class=\"wp-block-spacer\"><\/div>\n\n\n\n<p class=\"has-large-font-size\"><strong>Requisits&nbsp;<\/strong><\/p>\n\n\n\n<p>Podran optar a aquestes ajudes els municipis, les entitats locals d\u2019\u00e0mbit territorial inferior al municipal i les mancomunitats de la prov\u00edncia de Val\u00e8ncia, que tinguen entre les seues compet\u00e8ncies la gesti\u00f3 de residus i que reunisquen els requisits establits en l\u2019OGS de la Diputaci\u00f3 de Val\u00e8ncia.<\/p>\n\n\n\n<div style=\"height:50px\" aria-hidden=\"true\" class=\"wp-block-spacer\"><\/div>\n\n\n\n<p class=\"has-large-font-size\"><strong>Criteris de baremaci\u00f3<\/strong><\/p>\n\n\n\n<p>La dotaci\u00f3 pressupost\u00e0ria de la <strong>modalitat A<\/strong> es distribueix segons els criteris objectius que es determinen a continuaci\u00f3.<\/p>\n\n\n\n<p>La puntuaci\u00f3 m\u00e0xima ser\u00e0 de <strong>100 punts<\/strong>:<\/p>\n\n\n\n<ol type=\"1\"><li>Poblaci\u00f3 segons el padr\u00f3 municipal de l\u2019INE a 1 de gener del 2021 (m\u00e0xim 30 punts).<\/li><\/ol>\n\n\n\n<ul><li>Fins a 1.000 habitants (30 punts).<\/li><li>Entre 1.001 i 5.000 habitants (25 punts).<\/li><li>Entre 5.001 i 10.000 habitants (20 punts).<\/li><li>Entre 10.001 i 20.000 habitants (15 punts).<\/li><li>Entre 20.001 i 50.000 habitants (10 punts).<\/li><li>M\u00e9s de 50.000 habitants (5 punts).<\/li><\/ul>\n\n\n\n<p>Les sol\u00b7licituds de les entitats locals menors rebran en aquest apartat la puntuaci\u00f3 m\u00e0xima, \u00e9s a dir, 30 punts.<\/p>\n\n\n\n<ol start=\"2\"><li>Relaci\u00f3 d\u2019actuacions realitzades pel municipi en mat\u00e8ria de gesti\u00f3 de residus en els \u00faltims tres anys (2019, 2020 i 2021), fora de l\u2019\u00e0mbit de l\u2019estrat\u00e8gia REACCIONA. La suma de les actuacions donar\u00e0 una puntuaci\u00f3 m\u00e0xima de 50 punts.<\/li><\/ol>\n\n\n\n<ul><li>Recollida porta a porta de quatre fraccions: org\u00e0nica, paper i cart\u00f3 dom\u00e8stic, envasos lleugers i resta (30 punts). En el cas de recollida porta a porta nom\u00e9s de la fracci\u00f3 org\u00e0nica (20 punts).<\/li><li>Actuacions relacionades amb el compostatge dom\u00e8stic o l\u2019agrocompostatge (25 punts).<\/li><li>Actuacions en mat\u00e8ria d\u2019aprofitament energ\u00e8tic de la biomassa (25 punts).<\/li><li>Actuacions de recollida separada domicili\u00e0ria de la fracci\u00f3 org\u00e0nica en contenidor d\u2019acc\u00e9s restringit (15 punts).<\/li><li>Actuacions de sensibilitzaci\u00f3 i educaci\u00f3 ambiental (10 punts).<\/li><\/ul>\n\n\n\n<p>No es valoraran aquelles actuacions en mat\u00e8ria de gesti\u00f3 de residus que no es puguen incloure dins d\u2019algun dels apartats anteriors.<\/p>\n\n\n\n<ol start=\"3\"><li>Aquelles entitats que no hagen sigut benefici\u00e0ries de les convocat\u00f2ries 2020 ni 2021 de l\u2019estrat\u00e8gia REACCIONA per a la redacci\u00f3 de PLGRDA rebran en aquest apartat 20 punts, atorgant 0 punts a les entitats que hagueren sigut benefici\u00e0ries.<\/li><\/ol>\n\n\n\n<p>En cas d\u2019empat entre dos o m\u00e9s municipis, els criteris de desempat s\u00f3n:<\/p>\n\n\n\n<ul><li>Tindran prefer\u00e8ncia els municipis de menor poblaci\u00f3 segons el padr\u00f3 municipal de l\u2019INE a 1 de gener del 2021.<\/li><li>En cas de persistir l\u2019empat, per data d\u2019entrada de la sol\u00b7licitud de subvenci\u00f3 en el Registre Electr\u00f2nic General de la Diputaci\u00f3 de Val\u00e8ncia.<\/li><li>Si haguera calgut esmenar una sol\u00b7licitud a requeriment de la Diputaci\u00f3 de Val\u00e8ncia, comptaria la data de l\u2019esmena, no la de la presentaci\u00f3 inicial.<\/li><\/ul>\n\n\n\n<p>La dotaci\u00f3 pressupost\u00e0ria de la <strong>modalitat B<\/strong> es distribueix segons els criteris objectius que es determinen a continuaci\u00f3.<\/p>\n\n\n\n<p>La puntuaci\u00f3 m\u00e0xima ser\u00e0 de <strong>100 punts<\/strong>:<\/p>\n\n\n\n<ol type=\"1\"><li>Poblaci\u00f3 segons el padr\u00f3 municipal de l\u2019INE a 1 de gener del 2021 (m\u00e0xim 30 punts).<\/li><\/ol>\n\n\n\n<ul><li>Fins a 10.000 habitants (30 punts).<\/li><li>Entre 10.001 i 20.000 habitants (25 punts).<\/li><li>Entre 20.001 i 30.000 habitants (20 punts).<\/li><li>Entre 30.001 i 50.000 habitants (15 punts).<\/li><li>M\u00e9s de 50.000 habitants (10 punts).<\/li><\/ul>\n\n\n\n<p>La poblaci\u00f3 de la mancomunitat ser\u00e0 la suma dels habitants de tots els municipis que la integren.<\/p>\n\n\n\n<ol start=\"2\"><li>Relaci\u00f3 d\u2019actuacions realitzades per la mancomunitat en mat\u00e8ria de gesti\u00f3 de residus en els \u00faltims tres anys (2019, 2020 i 2021), fora de l\u2019\u00e0mbit de l\u2019estrat\u00e8gia REACCIONA. La suma de les actuacions donar\u00e0 una puntuaci\u00f3 m\u00e0xima de 50 punts.<\/li><\/ol>\n\n\n\n<ul><li>Recollida porta a porta de quatre fraccions: org\u00e0nica, paper i cart\u00f3 dom\u00e8stic, envasos lleugers i resta (30 punts). En el cas de recollida porta a porta nom\u00e9s de la fracci\u00f3 org\u00e0nica (20 punts).<\/li><li>Actuacions relacionades amb el compostatge dom\u00e8stic o l\u2019agrocompostatge (25 punts).<\/li><li>Actuacions en mat\u00e8ria d\u2019aprofitament energ\u00e8tic de la biomassa (25 punts).<\/li><li>Actuacions de recollida separada domicili\u00e0ria de la fracci\u00f3 org\u00e0nica en contenidor d\u2019acc\u00e9s restringit (15 punts).<\/li><li>Actuacions de sensibilitzaci\u00f3 i educaci\u00f3 ambiental (10 punts).<\/li><\/ul>\n\n\n\n<p>No es valoraran aquelles actuacions en mat\u00e8ria de gesti\u00f3 de residus que no es puguen incloure dins d\u2019algun dels apartats anteriors.<\/p>\n\n\n\n<ol start=\"3\"><li>Aquelles mancomunitats que no hagen sigut benefici\u00e0ries de les convocat\u00f2ries 2020 ni 2021 de l\u2019estrat\u00e8gia REACCIONA per a la redacci\u00f3 de PLGRDA rebran en aquest apartat 20 punts, atorgant 0 punts a les mancomunitats que hagueren sigut benefici\u00e0ries.<\/li><\/ol>\n\n\n\n<p>En cas d\u2019empat entre dos o m\u00e9s mancomunitats, els criteris de desempat s\u00f3n:<\/p>\n\n\n\n<ul><li>Tindran prefer\u00e8ncia les mancomunitats de menor poblaci\u00f3 segons el padr\u00f3 municipal de l\u2019INE a 1 de gener del 2021.<\/li><li>En cas de persistir l\u2019empat, per data d\u2019entrada de la sol\u00b7licitud de subvenci\u00f3 en el Registre Electr\u00f2nic General de la Diputaci\u00f3 de Val\u00e8ncia.<\/li><li>Si haguera calgut esmenar una sol\u00b7licitud a requeriment de la Diputaci\u00f3 de Val\u00e8ncia, comptaria la data de l\u2019esmena, no la de la presentaci\u00f3 inicial.<\/li><\/ul>\n\n\n\n<div style=\"height:50px\" aria-hidden=\"true\" class=\"wp-block-spacer\"><\/div>\n\n\n\n<p class=\"has-large-font-size\"><strong>Despeses subvencionables<\/strong><\/p>\n\n\n\n<p>Es consideren despeses subvencionables els seg\u00fcents conceptes:<\/p>\n\n\n\n<ul><li>Redacci\u00f3 dels PLGRDA, el contingut dels quals s\u2019ajustar\u00e0 en tot cas a l\u2019article 14 del Decret 55\/2019, de 5 d\u2019abril, del Consell, pel qual s\u2019aprova la revisi\u00f3 del PIR, i a la guia metodol\u00f2gica per a la redacci\u00f3 de PLGRDA, elaborada per l\u2019\u00c0rea de Medi Ambient de la Diputaci\u00f3 de Val\u00e8ncia (https:\/\/www.dival.es\/medi-ambient\/content\/plgrda).<\/li><\/ul>\n\n\n\n<p>En la <strong>modalitat A<\/strong>, s\u2019estableix un terme fix finan\u00e7able de 2.000\u20ac per sol\u00b7licitud (IVA incl\u00f2s), al qual s\u2019afegir\u00e0 un terme variable de fins a 4.000\u20ac (IVA incl\u00f2s), que ser\u00e0 directament proporcional al nombre de punts obtinguts en la valoraci\u00f3 dels criteris t\u00e8cnics. El total de la quantia concedida resultar\u00e0 de sumar els termes fix i variable fins a esgotar la consignaci\u00f3 pressupost\u00e0ria prevista per a aquest fi.<\/p>\n\n\n\n<p>S\u2019aplicar\u00e0 la seg\u00fcent f\u00f3rmula:<\/p>\n\n\n\n<p class=\"has-text-align-center\">V = (P x 4.000\u20ac) \/ 100<\/p>\n\n\n\n<p>Sent:<\/p>\n\n\n\n<ul><li>V: quantia del terme variable atorgada per la Diputaci\u00f3 de Val\u00e8ncia.<\/li><li>P: puntuaci\u00f3 total obtinguda en els criteris t\u00e8cnics de l\u2019apartat 4.<\/li><\/ul>\n\n\n\n<p>En la <strong>modalitat B<\/strong>, s\u2019estableix un terme fix finan\u00e7able de 10.000\u20ac per sol\u00b7licitud (IVA incl\u00f2s), al qual s\u2019afegir\u00e0 un terme variable de fins a 5.000\u20ac (IVA incl\u00f2s), que ser\u00e0 directament proporcional al nombre de punts obtinguts en la valoraci\u00f3 dels criteris t\u00e8cnics. El total de la quantia concedida resultar\u00e0 de sumar els termes fix i variable fins a esgotar la consignaci\u00f3 pressupost\u00e0ria prevista per a aquest fi.<\/p>\n\n\n\n<p>S\u2019aplicar\u00e0 la seg\u00fcent f\u00f3rmula:<\/p>\n\n\n\n<p class=\"has-text-align-center\">V = (P x 5.000\u20ac) \/ 100<\/p>\n\n\n\n<p>Sent:<\/p>\n\n\n\n<ul><li>V: quantia del terme variable atorgada per la Diputaci\u00f3 de Val\u00e8ncia.<\/li><li>P: puntuaci\u00f3 total obtinguda en els criteris t\u00e8cnics de l\u2019apartat 4.<\/li><\/ul>\n\n\n\n<p>Qualsevol increment en el pressupost sobre l\u2019import concedit a conseq\u00fc\u00e8ncia de modificacions o desviacions durant la fase de redacci\u00f3 del PLGRDA ser\u00e0 assumit \u00edntegrament pel beneficiari.<\/p>\n\n\n\n<div style=\"height:50px\" aria-hidden=\"true\" class=\"wp-block-spacer\"><\/div>\n\n\n\n<p class=\"has-large-font-size\"><strong>Sol\u00b7licitud<\/strong><\/p>\n\n\n\n<p>Amb la sol\u00b7licitud telem\u00e0tica, a m\u00e9s de les certificacions gen\u00e8riques establides en l\u2019apartat 7 de l\u2019estrat\u00e8gia REACCIONA, s\u2019haur\u00e0 d\u2019aportar:<\/p>\n\n\n\n<ol type=\"1\"><li>Sol\u00b7licitud de la subvenci\u00f3 (Annex 4.2).<\/li><\/ol>\n\n\n\n<ol start=\"2\"><li>Informe t\u00e8cnic en model oficial, subscrit per t\u00e8cnic\/a competent, sobre les actuacions realitzades per l\u2019entitat sol\u00b7licitant en mat\u00e8ria de gesti\u00f3 de residus en els \u00faltims tres anys (2019, 2020 i 2021), fora de l\u2019\u00e0mbit de l\u2019estrat\u00e8gia REACCIONA.<\/li><\/ol>\n\n\n\n<div style=\"height:50px\" aria-hidden=\"true\" class=\"wp-block-spacer\"><\/div>\n\n\n\n<p class=\"has-large-font-size\"><strong>Termini i forma de justificaci\u00f3<\/strong><\/p>\n\n\n\n<p>El termini per a la justificaci\u00f3 de la subvenci\u00f3 finalitza als <strong>5 mesos<\/strong> de l\u2019endem\u00e0 al de la publicaci\u00f3 de l\u2019acord de concessi\u00f3. L\u2019\u00f2rgan que concedeix la subvenci\u00f3 podr\u00e0 atorgar una ampliaci\u00f3 en els termes establits en l\u2019OGS de la Diputaci\u00f3 de Val\u00e8ncia.<\/p>\n\n\n\n<p>La documentaci\u00f3 justificativa ser\u00e0 l\u2019establida en l\u2019apartat gen\u00e8ric 16 de la convocat\u00f2ria REACCIONA.<\/p>\n\n\n\n<div style=\"height:50px\" aria-hidden=\"true\" class=\"wp-block-spacer\"><\/div>\n\n\n\n<p class=\"has-large-font-size\"><strong>Publicitat per part dels beneficiaris<\/strong><\/p>\n\n\n\n<p>La publicitat que hagen de realitzar les entitats benefici\u00e0ries ser\u00e0 l\u2019establida en l\u2019apartat gen\u00e8ric 12 de la convocat\u00f2ria REACCIONA.<\/p>\n","protected":false},"excerpt":{"rendered":"<p>Subvenci\u00f3 per a la redacci\u00f3 de Plans Locals de Gesti\u00f3 de Residus Dom\u00e8stics i Assimilables Objecte, fi i modalitats de subvenci\u00f3 L\u2019objecte de la present convocat\u00f2ria \u00e9s regular la concessi\u00f3 d\u2019ajudes econ\u00f2miques, en r\u00e8gim de concurr\u00e8ncia competitiva fins a esgotar el cr\u00e8dit disponible, per a la redacci\u00f3 de Plans Locals de Gesti\u00f3 de Residus Dom\u00e8stics [&hellip;]<\/p>\n","protected":false},"author":1,"featured_media":0,"parent":0,"menu_order":0,"comment_status":"closed","ping_status":"closed","template":"","meta":[],"_links":{"self":[{"href":"https:\/\/reaccionapelclima.dival.es\/index.php?rest_route=\/wp\/v2\/pages\/38"}],"collection":[{"href":"https:\/\/reaccionapelclima.dival.es\/index.php?rest_route=\/wp\/v2\/pages"}],"about":[{"href":"https:\/\/reaccionapelclima.dival.es\/index.php?rest_route=\/wp\/v2\/types\/page"}],"author":[{"embeddable":true,"href":"https:\/\/reaccionapelclima.dival.es\/index.php?rest_route=\/wp\/v2\/users\/1"}],"replies":[{"embeddable":true,"href":"https:\/\/reaccionapelclima.dival.es\/index.php?rest_route=%2Fwp%2Fv2%2Fcomments&post=38"}],"version-history":[{"count":37,"href":"https:\/\/reaccionapelclima.dival.es\/index.php?rest_route=\/wp\/v2\/pages\/38\/revisions"}],"predecessor-version":[{"id":1455,"href":"https:\/\/reaccionapelclima.dival.es\/index.php?rest_route=\/wp\/v2\/pages\/38\/revisions\/1455"}],"wp:attachment":[{"href":"https:\/\/reaccionapelclima.dival.es\/index.php?rest_route=%2Fwp%2Fv2%2Fmedia&parent=38"}],"curies":[{"name":"wp","href":"https:\/\/api.w.org\/{rel}","templated":true}]}}