{"id":42,"date":"2020-07-10T12:09:10","date_gmt":"2020-07-10T12:09:10","guid":{"rendered":"https:\/\/reaccionapelclima.dival.es\/?page_id=42"},"modified":"2023-04-19T12:26:30","modified_gmt":"2023-04-19T12:26:30","slug":"millora-del-cicle-integral-de-laigua","status":"publish","type":"page","link":"https:\/\/reaccionapelclima.dival.es\/?page_id=42","title":{"rendered":"Millora del cicle integral de l\u2019aigua"},"content":{"rendered":"\n<div style=\"height:23px\" aria-hidden=\"true\" class=\"wp-block-spacer\"><\/div>\n\n\n\n<p style=\"font-size:18px\">L\u2019\u00c0rea de Medi Ambient de la Diputaci\u00f3 de Val\u00e8ncia convoca\u00a0<strong>9 l\u00ednies de subvenci\u00f3,<\/strong> dins de l\u2019estrat\u00e8gia REACCIONA, per a actuacions relacionades amb la gesti\u00f3 forestal i la prevenci\u00f3 d\u2019incendis; la millora del cicle integral de l\u2019aigua; la reducci\u00f3 i la separaci\u00f3 de residus; la mobilitat activa; la gesti\u00f3 i la conservaci\u00f3 dels espais naturals; l\u2019autoconsum energ\u00e8tic; uns entorns escolars m\u00e9s saludables; i l\u2019educaci\u00f3 ambiental.<\/p>\n\n\n\n<div style=\"height:46px\" aria-hidden=\"true\" class=\"wp-block-spacer\"><\/div>\n\n\n\n<div class=\"wp-block-buttons is-horizontal is-content-justification-center is-layout-flex wp-container-1\">\n<div class=\"wp-block-button is-style-outline\"><a class=\"wp-block-button__link has-black-color has-luminous-vivid-amber-background-color has-text-color has-background wp-element-button\" href=\"https:\/\/reaccionapelclima.dival.es\/wp-content\/uploads\/2023\/04\/Reacciona-23-valencia.pdf\" style=\"border-radius:30px\" target=\"_blank\" rel=\"noreferrer noopener\">Convocat\u00f2ria (val)<\/a><\/div>\n\n\n\n<div class=\"wp-block-button is-style-outline\"><a class=\"wp-block-button__link has-black-color has-luminous-vivid-amber-background-color has-text-color has-background wp-element-button\" href=\"https:\/\/reaccionapelclima.dival.es\/wp-content\/uploads\/2023\/04\/Reacciona-23-castellano.pdf\" style=\"border-radius:30px\" target=\"_blank\" rel=\"noreferrer noopener\">Convocatoria (cas)<\/a><\/div>\n<\/div>\n\n\n\n<p><\/p>\n\n\n\n<div style=\"height:30px\" aria-hidden=\"true\" class=\"wp-block-spacer\"><\/div>\n\n\n\n<figure class=\"wp-block-video aligncenter\"><video controls loop poster=\"https:\/\/reaccionapelclima.dival.es\/wp-content\/uploads\/2021\/05\/portada_video_aigua.png\" src=\"https:\/\/reaccionapelclima.dival.es\/wp-content\/uploads\/2022\/05\/Aigua.mp4\" playsinline><\/video><\/figure>\n\n\n\n<div style=\"height:35px\" aria-hidden=\"true\" class=\"wp-block-spacer\"><\/div>\n\n\n<div class=\"wp-block-image\">\n<figure class=\"aligncenter size-large\"><img decoding=\"async\" loading=\"lazy\" width=\"600\" height=\"100\" src=\"https:\/\/reaccionapelclima.dival.es\/wp-content\/uploads\/2020\/07\/logo_adaptacio.png\" alt=\"\" class=\"wp-image-109\" srcset=\"https:\/\/reaccionapelclima.dival.es\/wp-content\/uploads\/2020\/07\/logo_adaptacio.png 600w, https:\/\/reaccionapelclima.dival.es\/wp-content\/uploads\/2020\/07\/logo_adaptacio-300x50.png 300w\" sizes=\"(max-width: 600px) 100vw, 600px\" \/><\/figure><\/div>\n\n\n<div style=\"height:29px\" aria-hidden=\"true\" class=\"wp-block-spacer\"><\/div>\n\n\n\n<div class=\"wp-block-buttons is-horizontal is-content-justification-center is-layout-flex wp-container-2\">\n<div class=\"wp-block-button is-style-outline\"><a class=\"wp-block-button__link has-very-dark-gray-color has-luminous-vivid-amber-background-color has-text-color has-background wp-element-button\" href=\"https:\/\/reaccionapelclima.dival.es\/wp-content\/uploads\/2023\/04\/Reacciona-23-Millora-del-cicle-integral-de-laigua.pdf\" target=\"_blank\" rel=\"noreferrer noopener\">Convocat\u00f2ria espec\u00edfica (val)<\/a><\/div>\n\n\n\n<div class=\"wp-block-button is-style-outline\"><a class=\"wp-block-button__link has-very-dark-gray-color has-luminous-vivid-amber-background-color has-text-color has-background wp-element-button\" href=\"https:\/\/reaccionapelclima.dival.es\/wp-content\/uploads\/2023\/04\/Reacciona-23-Annexos-Millora-del-cicle-integral-de-laigua.docx\" target=\"_blank\" rel=\"noreferrer noopener\">Annexos (val)<\/a><\/div>\n<\/div>\n\n\n\n<div style=\"height:20px\" aria-hidden=\"true\" class=\"wp-block-spacer\"><\/div>\n\n\n\n<div class=\"wp-block-buttons is-horizontal is-content-justification-center is-layout-flex wp-container-3\">\n<div class=\"wp-block-button is-style-outline\"><a class=\"wp-block-button__link has-very-dark-gray-color has-luminous-vivid-amber-background-color has-text-color has-background wp-element-button\" href=\"https:\/\/reaccionapelclima.dival.es\/wp-content\/uploads\/2023\/04\/Reacciona-23-Mejora-del-ciclo-integral-del-agua.pdf\" target=\"_blank\" rel=\"noreferrer noopener\">Convocatoria espec\u00edfica (cas)<\/a><\/div>\n\n\n\n<div class=\"wp-block-button is-style-outline\"><a class=\"wp-block-button__link has-very-dark-gray-color has-luminous-vivid-amber-background-color has-text-color has-background wp-element-button\" href=\"https:\/\/reaccionapelclima.dival.es\/wp-content\/uploads\/2023\/04\/Reacciona-23-Anexos-Mejora-del-ciclo-integral-del-agua.docx\" target=\"_blank\" rel=\"noreferrer noopener\">Anexos (cas)<\/a><\/div>\n<\/div>\n\n\n\n<div style=\"height:52px\" aria-hidden=\"true\" class=\"wp-block-spacer\"><\/div>\n\n\n\n<h2 class=\"wp-block-heading has-huge-font-size\"><strong>Subvenci\u00f3 per a la millora del cicle integral de l\u2019aigua<\/strong><strong><\/strong><\/h2>\n\n\n\n<div style=\"height:50px\" aria-hidden=\"true\" class=\"wp-block-spacer\"><\/div>\n\n\n\n<p><\/p>\n","protected":false},"excerpt":{"rendered":"<p>Subvenci\u00f3 per a la millora del cicle integral de l\u2019aigua<\/p>\n","protected":false},"author":1,"featured_media":0,"parent":0,"menu_order":0,"comment_status":"closed","ping_status":"closed","template":"","meta":[],"_links":{"self":[{"href":"https:\/\/reaccionapelclima.dival.es\/index.php?rest_route=\/wp\/v2\/pages\/42"}],"collection":[{"href":"https:\/\/reaccionapelclima.dival.es\/index.php?rest_route=\/wp\/v2\/pages"}],"about":[{"href":"https:\/\/reaccionapelclima.dival.es\/index.php?rest_route=\/wp\/v2\/types\/page"}],"author":[{"embeddable":true,"href":"https:\/\/reaccionapelclima.dival.es\/index.php?rest_route=\/wp\/v2\/users\/1"}],"replies":[{"embeddable":true,"href":"https:\/\/reaccionapelclima.dival.es\/index.php?rest_route=%2Fwp%2Fv2%2Fcomments&post=42"}],"version-history":[{"count":27,"href":"https:\/\/reaccionapelclima.dival.es\/index.php?rest_route=\/wp\/v2\/pages\/42\/revisions"}],"predecessor-version":[{"id":1508,"href":"https:\/\/reaccionapelclima.dival.es\/index.php?rest_route=\/wp\/v2\/pages\/42\/revisions\/1508"}],"wp:attachment":[{"href":"https:\/\/reaccionapelclima.dival.es\/index.php?rest_route=%2Fwp%2Fv2%2Fmedia&parent=42"}],"curies":[{"name":"wp","href":"https:\/\/api.w.org\/{rel}","templated":true}]}}