{"id":497,"date":"2020-12-30T08:22:46","date_gmt":"2020-12-30T08:22:46","guid":{"rendered":"https:\/\/reaccionapelclima.dival.es\/?page_id=497"},"modified":"2023-06-05T10:49:37","modified_gmt":"2023-06-05T10:49:37","slug":"concessions","status":"publish","type":"page","link":"https:\/\/reaccionapelclima.dival.es\/?page_id=497","title":{"rendered":"Concessions"},"content":{"rendered":"\n<h1 class=\"wp-block-heading has-text-align-center\">Concessions 2022<\/h1>\n\n\n\n<p class=\"has-text-align-center\">Fa\u00e7a clic en cadascuna de les actives per a descarregar el BOP corresponent.<\/p>\n\n\n\n<div style=\"height:40px\" aria-hidden=\"true\" class=\"wp-block-spacer\"><\/div>\n\n\n\n<figure class=\"wp-block-image size-large is-resized\"><img decoding=\"async\" loading=\"lazy\" src=\"https:\/\/reaccionapelclima.dival.es\/wp-content\/uploads\/2020\/07\/logo_mitigacio.png\" alt=\"\" class=\"wp-image-108\" width=\"292\" height=\"48\" srcset=\"https:\/\/reaccionapelclima.dival.es\/wp-content\/uploads\/2020\/07\/logo_mitigacio.png 600w, https:\/\/reaccionapelclima.dival.es\/wp-content\/uploads\/2020\/07\/logo_mitigacio-300x50.png 300w\" sizes=\"(max-width: 292px) 100vw, 292px\" \/><\/figure>\n\n\n\n<p><a href=\"https:\/\/reaccionapelclima.dival.es\/wp-content\/uploads\/2022\/11\/Autoconsum-22.pdf\">Autoconsum energ\u00e8tic<\/a><\/p>\n\n\n\n<p><a href=\"https:\/\/reaccionapelclima.dival.es\/wp-content\/uploads\/2022\/09\/Redaccio-de-PLGR.pdf\" target=\"_blank\" rel=\"noreferrer noopener\">Redacci\u00f3 de Plans Locals de Gesti\u00f3 de Residus<\/a><\/p>\n\n\n\n<p><a href=\"https:\/\/reaccionapelclima.dival.es\/wp-content\/uploads\/2023\/01\/Implantacio-de-PLGR-22.pdf\">Implantaci\u00f3 de Plans Locals de Gesti\u00f3 de Residus<\/a><\/p>\n\n\n\n<p><a href=\"https:\/\/reaccionapelclima.dival.es\/wp-content\/uploads\/2023\/02\/Redaccio-de-projectes-de-vies-22.pdf\">Redacci\u00f3 de projectes de vies de ciclovianants d\u2019inter\u00e9s natural<\/a><\/p>\n\n\n\n<p><a href=\"https:\/\/reaccionapelclima.dival.es\/wp-content\/uploads\/2022\/11\/Execucio-de-vies-22.pdf\">Execuci\u00f3 de vies de ciclovianants d\u2019inter\u00e9s natural<\/a><\/p>\n\n\n\n<p><a href=\"https:\/\/reaccionapelclima.dival.es\/wp-content\/uploads\/2023\/01\/Entorns-escolars-22.pdf\">Entorns escolars lliures de tr\u00e0nsit<\/a><\/p>\n\n\n\n<div style=\"height:53px\" aria-hidden=\"true\" class=\"wp-block-spacer\"><\/div>\n\n\n\n<figure class=\"wp-block-image size-large is-resized\"><img decoding=\"async\" loading=\"lazy\" src=\"https:\/\/reaccionapelclima.dival.es\/wp-content\/uploads\/2020\/07\/logo_adaptacio.png\" alt=\"\" class=\"wp-image-109\" width=\"293\" height=\"48\" srcset=\"https:\/\/reaccionapelclima.dival.es\/wp-content\/uploads\/2020\/07\/logo_adaptacio.png 600w, https:\/\/reaccionapelclima.dival.es\/wp-content\/uploads\/2020\/07\/logo_adaptacio-300x50.png 300w\" sizes=\"(max-width: 293px) 100vw, 293px\" \/><\/figure>\n\n\n\n<p><a href=\"https:\/\/reaccionapelclima.dival.es\/wp-content\/uploads\/2022\/11\/Millora-del-cicle-integral-de-laigua-22.pdf\">Millora del cicle integral de l\u2019aigua<\/a><\/p>\n\n\n\n<p><a href=\"https:\/\/reaccionapelclima.dival.es\/wp-content\/uploads\/2023\/04\/Reacciona-22.-Millora-del-cicle-integral-de-laigua-2a-tanda.pdf\">Millora del cicle integral de l\u2019aigua (2a tanda)<\/a><\/p>\n\n\n\n<p><a href=\"https:\/\/reaccionapelclima.dival.es\/wp-content\/uploads\/2022\/11\/Espais-naturals-22.pdf\">Gesti\u00f3 i conservaci\u00f3 d\u2019espais naturals<\/a><\/p>\n\n\n\n<p><a href=\"https:\/\/reaccionapelclima.dival.es\/wp-content\/uploads\/2023\/06\/Concessio-Espais-naturals-2a-tanda-22.pdf\">Gesti\u00f3 i conservaci\u00f3 d\u2019espais naturals (2a tanda)<\/a><\/p>\n\n\n\n<p><a href=\"https:\/\/reaccionapelclima.dival.es\/wp-content\/uploads\/2023\/06\/Concessio-Gestio-forestal-i-prevencio-dincendis-22.pdf\">Gesti\u00f3 forestal i prevenci\u00f3 d\u2019incendis forestals<\/a><\/p>\n\n\n\n<div style=\"height:52px\" aria-hidden=\"true\" class=\"wp-block-spacer\"><\/div>\n\n\n\n<figure class=\"wp-block-image size-large is-resized\"><img decoding=\"async\" loading=\"lazy\" src=\"https:\/\/reaccionapelclima.dival.es\/wp-content\/uploads\/2020\/07\/logo_educacio.png\" alt=\"\" class=\"wp-image-110\" width=\"296\" height=\"49\" srcset=\"https:\/\/reaccionapelclima.dival.es\/wp-content\/uploads\/2020\/07\/logo_educacio.png 600w, https:\/\/reaccionapelclima.dival.es\/wp-content\/uploads\/2020\/07\/logo_educacio-300x50.png 300w\" sizes=\"(max-width: 296px) 100vw, 296px\" \/><\/figure>\n\n\n\n<p><a href=\"https:\/\/reaccionapelclima.dival.es\/wp-content\/uploads\/2022\/11\/Programa-5050-22.pdf\">Programa 50\/50 en les escoles p\u00fabliques<\/a><\/p>\n\n\n\n<div style=\"height:60px\" aria-hidden=\"true\" class=\"wp-block-spacer\"><\/div>\n\n\n\n<h1 class=\"wp-block-heading has-text-align-center\">Concessions 2021<\/h1>\n\n\n\n<p class=\"has-text-align-center\">Fa\u00e7a clic en cadascuna de les actives per a descarregar el BOP corresponent.<\/p>\n\n\n\n<div style=\"height:28px\" aria-hidden=\"true\" class=\"wp-block-spacer\"><\/div>\n\n\n\n<figure class=\"wp-block-image size-large is-resized\"><img decoding=\"async\" loading=\"lazy\" src=\"https:\/\/reaccionapelclima.dival.es\/wp-content\/uploads\/2020\/07\/logo_mitigacio.png\" alt=\"\" class=\"wp-image-108\" width=\"292\" height=\"48\" srcset=\"https:\/\/reaccionapelclima.dival.es\/wp-content\/uploads\/2020\/07\/logo_mitigacio.png 600w, https:\/\/reaccionapelclima.dival.es\/wp-content\/uploads\/2020\/07\/logo_mitigacio-300x50.png 300w\" sizes=\"(max-width: 292px) 100vw, 292px\" \/><\/figure>\n\n\n\n<p><a href=\"https:\/\/reaccionapelclima.dival.es\/wp-content\/uploads\/2021\/11\/Resolucio-Autoconsum.pdf\">Autoconsum energ\u00e8tic<\/a><\/p>\n\n\n\n<p><a href=\"https:\/\/reaccionapelclima.dival.es\/wp-content\/uploads\/2021\/12\/Resolucio-CE.pdf\">Certificaci\u00f3 energ\u00e8tica<\/a><\/p>\n\n\n\n<p><a href=\"https:\/\/reaccionapelclima.dival.es\/wp-content\/uploads\/2021\/11\/Resolucio-PLGR.pdf\">Redacci\u00f3 de Plans Locals de Gesti\u00f3 de Residus<\/a><\/p>\n\n\n\n<p><a href=\"https:\/\/reaccionapelclima.dival.es\/wp-content\/uploads\/2021\/12\/Resolucio-Implantacio-PLGR.pdf\">Implantaci\u00f3 de Plans Locals de Gesti\u00f3 de Residus<\/a><\/p>\n\n\n\n<p><a href=\"https:\/\/reaccionapelclima.dival.es\/wp-content\/uploads\/2021\/11\/Resolucio-Ciclovianants.pdf\">Redacci\u00f3 de projectes de vies de ciclovianants d\u2019inter\u00e9s natural<\/a><\/p>\n\n\n\n<p><a href=\"https:\/\/reaccionapelclima.dival.es\/wp-content\/uploads\/2021\/12\/Resolucio-Execucio-Ciclovianants.pdf\">Execuci\u00f3 de projectes de vies de ciclovianants d\u2019inter\u00e9s natural<\/a><\/p>\n\n\n\n<div style=\"height:46px\" aria-hidden=\"true\" class=\"wp-block-spacer\"><\/div>\n\n\n\n<figure class=\"wp-block-image size-large is-resized\"><img decoding=\"async\" loading=\"lazy\" src=\"https:\/\/reaccionapelclima.dival.es\/wp-content\/uploads\/2020\/07\/logo_adaptacio.png\" alt=\"\" class=\"wp-image-109\" width=\"293\" height=\"48\" srcset=\"https:\/\/reaccionapelclima.dival.es\/wp-content\/uploads\/2020\/07\/logo_adaptacio.png 600w, https:\/\/reaccionapelclima.dival.es\/wp-content\/uploads\/2020\/07\/logo_adaptacio-300x50.png 300w\" sizes=\"(max-width: 293px) 100vw, 293px\" \/><\/figure>\n\n\n\n<p><a href=\"https:\/\/reaccionapelclima.dival.es\/wp-content\/uploads\/2021\/11\/Resolucio-CIA.pdf\">Millora del cicle integral de l\u2019aigua<\/a><\/p>\n\n\n\n<p><a href=\"https:\/\/reaccionapelclima.dival.es\/wp-content\/uploads\/2022\/11\/Resolucio-Espais-naturals-21.pdf\">Gesti\u00f3 i conservaci\u00f3 d\u2019espais naturals<\/a><\/p>\n\n\n\n<p><a href=\"https:\/\/reaccionapelclima.dival.es\/wp-content\/uploads\/2021\/12\/Resolucio-Gestio-forestal1.pdf\">Gesti\u00f3 forestal i prevenci\u00f3 d\u2019incendis forestals (<strong>1a tanda<\/strong>)<\/a><br><a href=\"https:\/\/reaccionapelclima.dival.es\/wp-content\/uploads\/2021\/12\/Resolucio-Gestio-forestal2.pdf\">Gesti\u00f3 forestal i prevenci\u00f3 d\u2019incendis forestals (<strong>2a tanda<\/strong>)<\/a><br><a href=\"https:\/\/reaccionapelclima.dival.es\/wp-content\/uploads\/2022\/02\/Resolucio-Gestio-forestal3.pdf\">Gesti\u00f3 forestal i prevenci\u00f3 d\u2019incendis forestals (<strong>3a tanda<\/strong>)<\/a><\/p>\n\n\n\n<p><\/p>\n\n\n\n<figure class=\"wp-block-image size-large is-resized\"><img decoding=\"async\" loading=\"lazy\" src=\"https:\/\/reaccionapelclima.dival.es\/wp-content\/uploads\/2020\/07\/logo_educacio.png\" alt=\"\" class=\"wp-image-110\" width=\"296\" height=\"49\" srcset=\"https:\/\/reaccionapelclima.dival.es\/wp-content\/uploads\/2020\/07\/logo_educacio.png 600w, https:\/\/reaccionapelclima.dival.es\/wp-content\/uploads\/2020\/07\/logo_educacio-300x50.png 300w\" sizes=\"(max-width: 296px) 100vw, 296px\" \/><\/figure>\n\n\n\n<p><a href=\"https:\/\/reaccionapelclima.dival.es\/wp-content\/uploads\/2021\/11\/Resolucio-50-50.pdf\">Programa 50\/50 en les escoles p\u00fabliques<\/a><\/p>\n\n\n\n<div style=\"height:47px\" aria-hidden=\"true\" class=\"wp-block-spacer\"><\/div>\n\n\n\n<h1 class=\"wp-block-heading has-text-align-center\">Concessions 2020<\/h1>\n\n\n\n<p class=\"has-text-align-center\">Fa\u00e7a clic en cadascuna de les actives per a descarregar el BOP corresponent.<\/p>\n\n\n\n<div style=\"height:27px\" aria-hidden=\"true\" class=\"wp-block-spacer\"><\/div>\n\n\n\n<figure class=\"wp-block-image size-large is-resized\"><img decoding=\"async\" loading=\"lazy\" src=\"https:\/\/reaccionapelclima.dival.es\/wp-content\/uploads\/2020\/07\/logo_mitigacio.png\" alt=\"\" class=\"wp-image-108\" width=\"292\" height=\"48\" srcset=\"https:\/\/reaccionapelclima.dival.es\/wp-content\/uploads\/2020\/07\/logo_mitigacio.png 600w, https:\/\/reaccionapelclima.dival.es\/wp-content\/uploads\/2020\/07\/logo_mitigacio-300x50.png 300w\" sizes=\"(max-width: 292px) 100vw, 292px\" \/><\/figure>\n\n\n\n<p><a rel=\"noreferrer noopener\" href=\"https:\/\/reaccionapelclima.dival.es\/wp-content\/uploads\/2021\/04\/Renovables.pdf\" target=\"_blank\">Instal\u00b7laci\u00f3 d\u2019energies renovables en edificis i equipaments municipals. A municipis. <\/a><\/p>\n\n\n\n<p><a rel=\"noreferrer noopener\" href=\"https:\/\/reaccionapelclima.dival.es\/wp-content\/uploads\/2021\/01\/Certificaci\u00f3-energ\u00e8tica.pdf\" target=\"_blank\">Certificaci\u00f3 energ\u00e8tica d\u2019edificis p\u00fablics municipals. A municipis i entitats locals d\u2019\u00e0mbit territorial inferior al municipal.<\/a><\/p>\n\n\n\n<p><a rel=\"noreferrer noopener\" href=\"https:\/\/reaccionapelclima.dival.es\/wp-content\/uploads\/2021\/01\/Mobilitat-el\u00e8ctrica.pdf\" target=\"_blank\">Compra de vehicles el\u00e8ctrics i instal\u00b7laci\u00f3 de punts de rec\u00e0rrega. A municipis.<\/a><\/p>\n\n\n\n<p><a rel=\"noreferrer noopener\" href=\"https:\/\/reaccionapelclima.dival.es\/wp-content\/uploads\/2021\/01\/PLGR.pdf\" target=\"_blank\">Implantaci\u00f3 de Plans Locals de Gesti\u00f3 de Residus. A municipis i mancomunitats.<\/a><\/p>\n\n\n\n<p><a rel=\"noreferrer noopener\" href=\"https:\/\/reaccionapelclima.dival.es\/wp-content\/uploads\/2021\/01\/Vies-ciclopeatonals.pdf\" target=\"_blank\">Redacci\u00f3 de projectes de vies ciclopeatonals.&nbsp;A municipis, agrupacions de municipis i mancomunitats.<\/a><\/p>\n\n\n\n<div style=\"height:40px\" aria-hidden=\"true\" class=\"wp-block-spacer\"><\/div>\n\n\n\n<figure class=\"wp-block-image size-large is-resized\"><img decoding=\"async\" loading=\"lazy\" src=\"https:\/\/reaccionapelclima.dival.es\/wp-content\/uploads\/2020\/07\/logo_adaptacio.png\" alt=\"\" class=\"wp-image-109\" width=\"293\" height=\"48\" srcset=\"https:\/\/reaccionapelclima.dival.es\/wp-content\/uploads\/2020\/07\/logo_adaptacio.png 600w, https:\/\/reaccionapelclima.dival.es\/wp-content\/uploads\/2020\/07\/logo_adaptacio-300x50.png 300w\" sizes=\"(max-width: 293px) 100vw, 293px\" \/><\/figure>\n\n\n\n<p><a rel=\"noreferrer noopener\" href=\"https:\/\/reaccionapelclima.dival.es\/wp-content\/uploads\/2021\/01\/Gesti\u00f3-forestal.pdf\" target=\"_blank\">Gesti\u00f3 forestal sostenible i la prevenci\u00f3 d\u2019incendis forestals. A municipis.<\/a><\/p>\n\n\n\n<p class=\"has-text-color\" style=\"color:#395ca3\"><a rel=\"noreferrer noopener\" href=\"https:\/\/reaccionapelclima.dival.es\/wp-content\/uploads\/2021\/01\/Cicle-integral-de-laigua.pdf\" target=\"_blank\">Millora del cicle integral de l\u2019aigua. A municipis.<\/a><\/p>\n\n\n\n<div style=\"height:40px\" aria-hidden=\"true\" class=\"wp-block-spacer\"><\/div>\n\n\n\n<figure class=\"wp-block-image size-large is-resized\"><img decoding=\"async\" loading=\"lazy\" src=\"https:\/\/reaccionapelclima.dival.es\/wp-content\/uploads\/2020\/07\/logo_educacio.png\" alt=\"\" class=\"wp-image-110\" width=\"296\" height=\"49\" srcset=\"https:\/\/reaccionapelclima.dival.es\/wp-content\/uploads\/2020\/07\/logo_educacio.png 600w, https:\/\/reaccionapelclima.dival.es\/wp-content\/uploads\/2020\/07\/logo_educacio-300x50.png 300w\" sizes=\"(max-width: 296px) 100vw, 296px\" \/><\/figure>\n\n\n\n<p><mark style=\"background-color:rgba(0, 0, 0, 0);color:#cacaca\" class=\"has-inline-color\"><a rel=\"noreferrer noopener\" href=\"https:\/\/reaccionapelclima.dival.es\/wp-content\/uploads\/2021\/01\/5050.pdf\" target=\"_blank\">Implantaci\u00f3 del programa 50\/50 a les escoles p\u00fabliques. A municipis i entitats locals d\u2019\u00e0mbit territorial inferior al municipal.<\/a><\/mark><\/p>\n","protected":false},"excerpt":{"rendered":"<p>Concessions 2022 Fa\u00e7a clic en cadascuna de les actives per a descarregar el BOP corresponent. Autoconsum energ\u00e8tic Redacci\u00f3 de Plans Locals de Gesti\u00f3 de Residus Implantaci\u00f3 de Plans Locals de Gesti\u00f3 de Residus Redacci\u00f3 de projectes de vies de ciclovianants d\u2019inter\u00e9s natural Execuci\u00f3 de vies de ciclovianants d\u2019inter\u00e9s natural Entorns escolars lliures de tr\u00e0nsit Millora [&hellip;]<\/p>\n","protected":false},"author":1,"featured_media":0,"parent":0,"menu_order":0,"comment_status":"closed","ping_status":"closed","template":"","meta":[],"_links":{"self":[{"href":"https:\/\/reaccionapelclima.dival.es\/index.php?rest_route=\/wp\/v2\/pages\/497"}],"collection":[{"href":"https:\/\/reaccionapelclima.dival.es\/index.php?rest_route=\/wp\/v2\/pages"}],"about":[{"href":"https:\/\/reaccionapelclima.dival.es\/index.php?rest_route=\/wp\/v2\/types\/page"}],"author":[{"embeddable":true,"href":"https:\/\/reaccionapelclima.dival.es\/index.php?rest_route=\/wp\/v2\/users\/1"}],"replies":[{"embeddable":true,"href":"https:\/\/reaccionapelclima.dival.es\/index.php?rest_route=%2Fwp%2Fv2%2Fcomments&post=497"}],"version-history":[{"count":59,"href":"https:\/\/reaccionapelclima.dival.es\/index.php?rest_route=\/wp\/v2\/pages\/497\/revisions"}],"predecessor-version":[{"id":1546,"href":"https:\/\/reaccionapelclima.dival.es\/index.php?rest_route=\/wp\/v2\/pages\/497\/revisions\/1546"}],"wp:attachment":[{"href":"https:\/\/reaccionapelclima.dival.es\/index.php?rest_route=%2Fwp%2Fv2%2Fmedia&parent=497"}],"curies":[{"name":"wp","href":"https:\/\/api.w.org\/{rel}","templated":true}]}}